{"id":59,"date":"2024-04-09T12:15:01","date_gmt":"2024-04-09T15:15:01","guid":{"rendered":"https:\/\/nmbseguranca.com.br\/?page_id=59"},"modified":"2024-04-09T12:27:06","modified_gmt":"2024-04-09T15:27:06","slug":"projetos","status":"publish","type":"page","link":"https:\/\/nmbseguranca.com.br\/?page_id=59","title":{"rendered":"Projetos"},"content":{"rendered":"\n<p>Alguns de nossos projetos<\/p>\n\n\n\n<p><strong>Governo do Estado da Bahia &#8211; Secretaria de Seguran\u00e7a P\u00fablica<br><\/strong>Projeto &#8211; V\u00eddeo Monitoramento em vias p\u00fablicas<br><br>Este projeto foi apresentado a SERIN &#8211; Secretaria de Rela\u00e7\u00f5es Institucionais, atrav\u00e9s do secret\u00e1rio Luiz Carlos Caetano, criado a partir da necessidade do monitoramento inteligente em vias p\u00fablicas, utilizando t\u00e9cnicas de reconhecimento facial, reconhecimento de placas de ve\u00edculos e gestos que podem ser considerados suspeitos.<\/p>\n\n\n\n<p><\/p>\n\n\n\n<p><strong>Governo do Estado de Sergipe &#8211; SEMARH<br><\/strong>Projeto &#8211; V\u00eddeo Monitoramento &#8211; \u00c1rea Grota do Angico\/SE<br><br>Este projeto foi apresentado a SEMARH com um sistema completo de monitoramento da \u00e1rea de preserva\u00e7\u00e3o da Grota do Angico (Local onde Lampi\u00e3o foi morto). O projeto foi feito utilizando o sistema de video monitoramento inteligente com reconhecimento facial, identifica\u00e7\u00e3o de placas de ve\u00edculos e gestos suspeitos, al\u00e9m de internet em pontos tur\u00edsticos remotos e bot\u00f5es de p\u00e2nico.<\/p>\n\n\n\n<p><\/p>\n","protected":false},"excerpt":{"rendered":"<p>Alguns de nossos projetos Governo do Estado da Bahia &#8211; Secretaria de Seguran\u00e7a P\u00fablicaProjeto &#8211; V\u00eddeo Monitoramento em vias p\u00fablicas Este projeto foi apresentado a SERIN &#8211; Secretaria de Rela\u00e7\u00f5es Institucionais, atrav\u00e9s do secret\u00e1rio Luiz Carlos Caetano, criado a partir da necessidade do monitoramento inteligente em vias p\u00fablicas, utilizando t\u00e9cnicas de reconhecimento facial, reconhecimento de [&hellip;]<\/p>\n","protected":false},"author":1,"featured_media":0,"parent":0,"menu_order":0,"comment_status":"closed","ping_status":"closed","template":"","meta":{"footnotes":""},"class_list":["post-59","page","type-page","status-publish","hentry"],"_links":{"self":[{"href":"https:\/\/nmbseguranca.com.br\/index.php?rest_route=\/wp\/v2\/pages\/59","targetHints":{"allow":["GET"]}}],"collection":[{"href":"https:\/\/nmbseguranca.com.br\/index.php?rest_route=\/wp\/v2\/pages"}],"about":[{"href":"https:\/\/nmbseguranca.com.br\/index.php?rest_route=\/wp\/v2\/types\/page"}],"author":[{"embeddable":true,"href":"https:\/\/nmbseguranca.com.br\/index.php?rest_route=\/wp\/v2\/users\/1"}],"replies":[{"embeddable":true,"href":"https:\/\/nmbseguranca.com.br\/index.php?rest_route=%2Fwp%2Fv2%2Fcomments&post=59"}],"version-history":[{"count":3,"href":"https:\/\/nmbseguranca.com.br\/index.php?rest_route=\/wp\/v2\/pages\/59\/revisions"}],"predecessor-version":[{"id":69,"href":"https:\/\/nmbseguranca.com.br\/index.php?rest_route=\/wp\/v2\/pages\/59\/revisions\/69"}],"wp:attachment":[{"href":"https:\/\/nmbseguranca.com.br\/index.php?rest_route=%2Fwp%2Fv2%2Fmedia&parent=59"}],"curies":[{"name":"wp","href":"https:\/\/api.w.org\/{rel}","templated":true}]}}